{"id":7,"date":"2025-07-10T17:16:30","date_gmt":"2025-07-10T17:16:30","guid":{"rendered":"https:\/\/www.learnswissgerman.ch\/?page_id=7"},"modified":"2025-07-10T17:30:36","modified_gmt":"2025-07-10T17:30:36","slug":"cheatsheet-switzerdutsch","status":"publish","type":"page","link":"https:\/\/www.learnswissgerman.ch\/","title":{"rendered":"Cheatsheet  &#8211; Switzerd\u00fctsch"},"content":{"rendered":"\n<p>Dieses Cheatsheet befasst sich mit den &#171;kurzw\u00f6rtern&#187; im Schweizer Deutsch. Nur wenige W\u00f6rter werden dir das Tor zum besseren Verstehen \u00f6ffnen.<\/p>\n\n\n\n<p> <a href=\"https:\/\/docs.google.com\/spreadsheets\/d\/1zY1hc1_Qe-VSjVrw11VIv6clm9EgwLoFRJ5QIUTEXDw\/edit?usp=sharing\">auch als Google Sheet<\/a><\/p>\n\n\n\n<figure class=\"wp-block-table\"><table class=\"has-fixed-layout\"><tbody><tr><td>Deutsch<\/td><td>Schweiz &#8211; Bern<\/td><td>Schweiz &#8211; Z\u00fcrich<\/td><td>Beispiel Bern<\/td><td>Beispiel Z\u00fcrich<\/td><td>Beispiel Deutsch<\/td><\/tr><tr><td>gesehen<\/td><td>gse (xe)<\/td><td>gse (xe)<br>gsen (xen)<\/td><td>I xe e Hund<\/td><td>Ich xe&#8217;n e Hund<\/td><td>Ich sehe einen Hund<\/td><\/tr><tr><td>gewesen<\/td><td>gsi (xi \/ xy)<\/td><td>gsi (xi \/ xy)<\/td><td>I bi am Kons\u00e4rt xy<\/td><td>Ich bin am Konsert gsi.<\/td><td>Ich war am Konzert (Ich bin am Konzert gewesen)<\/td><\/tr><tr><td>sein<\/td><td><strong>si<\/strong><br>I bi<br>Du bisch<br>\u00e4r\/si isch<br>mier si<br>ier sit<br>si si<\/td><td>Ich bin<br>Du bisch<br>Er\/Si isch<br>Mier sind<br>Si\/Si sind<\/td><td>Rose si sch\u00f6n<\/td><td>Rose sind sch\u00f6n<\/td><td>Rosen sind sch\u00f6n.<\/td><\/tr><tr><td>gehabt<\/td><td>ka (gh&#8217;a)<\/td><td>&#171;<\/td><td>I ha Angst ka<\/td><td>Ich han Angst ka<\/td><td>Ich habe Angst gehabt.<\/td><\/tr><tr><td>haben<br>ich habe<\/td><td><strong>ha<br><\/strong>I ha<br>Du hesch<br>\u00e4r\/si het<br>mier hei<br>ier heit<br>si hei<\/td><td>ich han<br>Du h\u00e4sch<br>Er\/si h\u00e4t<br>Mier h\u00e4nd<br>Si h\u00e4nd<br>Si h\u00e4nd<\/td><td><\/td><td><\/td><td><\/td><\/tr><tr><td>gehen<br>ich gehe<\/td><td><strong>ga<\/strong><br>I ga<br>Du geisch<br>\u00e4r\/si geit<br>Mier g\u00f6<br>Ier g\u00f6t<br>si g\u00f6<\/td><td>ich gahn<br>Du gahsch<br>er\/si gaht<br>Mier\/Si\/Si g\u00f6nd<\/td><td>I ga jetz<\/td><td>Ich gan jetzt<\/td><td>Ich gehe jetzt<\/td><\/tr><tr><td>fangen<\/td><td>fa<\/td><td>ich fahn<\/td><td>I fa dr Ball.<br>I fa a das Buech z l\u00e4se.<\/td><td>Ich fahn de B\u00f6le<br>Ich fan a das Buech z l\u00e4se<\/td><td>Ich fange den Ball.<br>Ich fange an das Buch zu lesen.<\/td><\/tr><tr><td>lassen<\/td><td>la<\/td><td><\/td><td><\/td><td><\/td><td><\/td><\/tr><tr><td>nehmen<\/td><td>n\u00e4h<\/td><td><\/td><td><\/td><td><\/td><td><\/td><\/tr><tr><td>kommen<\/td><td>cho<\/td><td><\/td><td>I cha morn nid cho<\/td><td>Ich chan morn n\u00fcd cho<\/td><td>Ich kann morgen nicht kommen.<\/td><\/tr><tr><td>mehr<\/td><td>meh<\/td><td><\/td><td>Chas e chli meh si?<\/td><td>Chans e chli meh si?<\/td><td>Darf es ein bisschen mehr sein?<\/td><\/tr><tr><td>man<\/td><td>m\u00e4 (me)<\/td><td>me<\/td><td><\/td><td><\/td><td><\/td><\/tr><tr><td>auch<\/td><td>o<\/td><td>\u00e4 \/ \u00e4u<\/td><td>I wott o.<\/td><td>ich wett\/m\u00f6cht \u00e4u.<\/td><td>Du m\u00f6chtest auch.<\/td><\/tr><tr><td>und<\/td><td>u<\/td><td>und<\/td><td>U jetz?<\/td><td>Und jetzt?<\/td><td>Und jetzt?<\/td><\/tr><tr><td>zu<\/td><td>z \/ ds<\/td><td>z<\/td><td><\/td><td><\/td><td><\/td><\/tr><\/tbody><\/table><\/figure>\n","protected":false},"excerpt":{"rendered":"<p>Dieses Cheatsheet befasst sich mit den &#171;kurzw\u00f6rtern&#187; im Schweizer Deutsch. Nur wenige W\u00f6rter werden dir das Tor zum besseren Verstehen \u00f6ffnen. auch als Google Sheet Deutsch Schweiz &#8211; Bern Schweiz &#8211; Z\u00fcrich Beispiel Bern Beispiel Z\u00fcrich Beispiel Deutsch gesehen gse (xe) gse (xe)gsen (xen) I xe e Hund Ich xe&#8217;n e Hund Ich sehe einen [&hellip;]<\/p>\n","protected":false},"author":1,"featured_media":0,"parent":0,"menu_order":0,"comment_status":"closed","ping_status":"closed","template":"","meta":{"footnotes":""},"class_list":["post-7","page","type-page","status-publish","hentry"],"_links":{"self":[{"href":"https:\/\/www.learnswissgerman.ch\/index.php?rest_route=\/wp\/v2\/pages\/7","targetHints":{"allow":["GET"]}}],"collection":[{"href":"https:\/\/www.learnswissgerman.ch\/index.php?rest_route=\/wp\/v2\/pages"}],"about":[{"href":"https:\/\/www.learnswissgerman.ch\/index.php?rest_route=\/wp\/v2\/types\/page"}],"author":[{"embeddable":true,"href":"https:\/\/www.learnswissgerman.ch\/index.php?rest_route=\/wp\/v2\/users\/1"}],"replies":[{"embeddable":true,"href":"https:\/\/www.learnswissgerman.ch\/index.php?rest_route=%2Fwp%2Fv2%2Fcomments&post=7"}],"version-history":[{"count":3,"href":"https:\/\/www.learnswissgerman.ch\/index.php?rest_route=\/wp\/v2\/pages\/7\/revisions"}],"predecessor-version":[{"id":16,"href":"https:\/\/www.learnswissgerman.ch\/index.php?rest_route=\/wp\/v2\/pages\/7\/revisions\/16"}],"wp:attachment":[{"href":"https:\/\/www.learnswissgerman.ch\/index.php?rest_route=%2Fwp%2Fv2%2Fmedia&parent=7"}],"curies":[{"name":"wp","href":"https:\/\/api.w.org\/{rel}","templated":true}]}}